{"id":1360,"date":"2021-07-01T16:53:36","date_gmt":"2021-07-01T21:53:36","guid":{"rendered":"https:\/\/mecorama.mx\/?post_type=product&#038;p=1360"},"modified":"2025-02-20T16:41:30","modified_gmt":"2025-02-20T21:41:30","slug":"var301-llave-de-3-vias-con-extension-ipm","status":"publish","type":"product","link":"https:\/\/mecorama.mx\/?product=var301-llave-de-3-vias-con-extension-ipm","title":{"rendered":"VAR301-Llave de 3 v\u00edas con Extensi\u00f3n IPM"},"content":{"rendered":"<p>Llave de 3 v\u00edas con Extensi\u00f3n IPM<\/p>\n","protected":false},"excerpt":{"rendered":"<p>Llave de 3 v\u00edas con Extensi\u00f3n IPM<\/p>\n","protected":false},"featured_media":1361,"template":"","meta":[],"product_brand":[77],"product_cat":[21],"product_tag":[],"class_list":{"0":"post-1360","1":"product","2":"type-product","3":"status-publish","4":"has-post-thumbnail","6":"product_brand-industrias-plasticas-medicas","7":"product_cat-material-de-curacion","9":"first","10":"instock","11":"taxable","12":"shipping-taxable","13":"purchasable","14":"product-type-simple"},"_links":{"self":[{"href":"https:\/\/mecorama.mx\/index.php?rest_route=\/wp\/v2\/product\/1360","targetHints":{"allow":["GET"]}}],"collection":[{"href":"https:\/\/mecorama.mx\/index.php?rest_route=\/wp\/v2\/product"}],"about":[{"href":"https:\/\/mecorama.mx\/index.php?rest_route=\/wp\/v2\/types\/product"}],"wp:featuredmedia":[{"embeddable":true,"href":"https:\/\/mecorama.mx\/index.php?rest_route=\/wp\/v2\/media\/1361"}],"wp:attachment":[{"href":"https:\/\/mecorama.mx\/index.php?rest_route=%2Fwp%2Fv2%2Fmedia&parent=1360"}],"wp:term":[{"taxonomy":"product_brand","embeddable":true,"href":"https:\/\/mecorama.mx\/index.php?rest_route=%2Fwp%2Fv2%2Fproduct_brand&post=1360"},{"taxonomy":"product_cat","embeddable":true,"href":"https:\/\/mecorama.mx\/index.php?rest_route=%2Fwp%2Fv2%2Fproduct_cat&post=1360"},{"taxonomy":"product_tag","embeddable":true,"href":"https:\/\/mecorama.mx\/index.php?rest_route=%2Fwp%2Fv2%2Fproduct_tag&post=1360"}],"curies":[{"name":"wp","href":"https:\/\/api.w.org\/{rel}","templated":true}]}}