{"id":1488,"date":"2021-07-27T13:17:27","date_gmt":"2021-07-27T18:17:27","guid":{"rendered":"https:\/\/mecorama.mx\/?post_type=product&#038;p=1488"},"modified":"2025-02-20T16:17:10","modified_gmt":"2025-02-20T21:17:10","slug":"var124-bolsa-para-enema-de-454g-con-canula-de-retencion","status":"publish","type":"product","link":"https:\/\/mecorama.mx\/?product=var124-bolsa-para-enema-de-454g-con-canula-de-retencion","title":{"rendered":"VAR124 Bolsa para enema de 454g con c\u00e1nula de retenci\u00f3n"},"content":{"rendered":"<p>Bolsa para enema de 454g con c\u00e1nula de retenci\u00f3n<\/p>\n","protected":false},"excerpt":{"rendered":"<p>Bolsa para enema de 454g con c\u00e1nula de retenci\u00f3n<\/p>\n","protected":false},"featured_media":1450,"template":"","meta":[],"product_brand":[],"product_cat":[44],"product_tag":[],"class_list":{"0":"post-1488","1":"product","2":"type-product","3":"status-publish","4":"has-post-thumbnail","6":"product_cat-radiologia","8":"first","9":"instock","10":"taxable","11":"shipping-taxable","12":"purchasable","13":"product-type-simple"},"_links":{"self":[{"href":"https:\/\/mecorama.mx\/index.php?rest_route=\/wp\/v2\/product\/1488","targetHints":{"allow":["GET"]}}],"collection":[{"href":"https:\/\/mecorama.mx\/index.php?rest_route=\/wp\/v2\/product"}],"about":[{"href":"https:\/\/mecorama.mx\/index.php?rest_route=\/wp\/v2\/types\/product"}],"wp:featuredmedia":[{"embeddable":true,"href":"https:\/\/mecorama.mx\/index.php?rest_route=\/wp\/v2\/media\/1450"}],"wp:attachment":[{"href":"https:\/\/mecorama.mx\/index.php?rest_route=%2Fwp%2Fv2%2Fmedia&parent=1488"}],"wp:term":[{"taxonomy":"product_brand","embeddable":true,"href":"https:\/\/mecorama.mx\/index.php?rest_route=%2Fwp%2Fv2%2Fproduct_brand&post=1488"},{"taxonomy":"product_cat","embeddable":true,"href":"https:\/\/mecorama.mx\/index.php?rest_route=%2Fwp%2Fv2%2Fproduct_cat&post=1488"},{"taxonomy":"product_tag","embeddable":true,"href":"https:\/\/mecorama.mx\/index.php?rest_route=%2Fwp%2Fv2%2Fproduct_tag&post=1488"}],"curies":[{"name":"wp","href":"https:\/\/api.w.org\/{rel}","templated":true}]}}