{"id":1493,"date":"2021-07-27T13:26:57","date_gmt":"2021-07-27T18:26:57","guid":{"rendered":"https:\/\/mecorama.mx\/?post_type=product&#038;p=1493"},"modified":"2025-02-20T16:31:13","modified_gmt":"2025-02-20T21:31:13","slug":"var211-oximetro-analogo","status":"publish","type":"product","link":"https:\/\/mecorama.mx\/?product=var211-oximetro-analogo","title":{"rendered":"VAR211 Ox\u00edmetro an\u00e1logo"},"content":{"rendered":"<p>Ox\u00edmetro an\u00e1logo<\/p>\n","protected":false},"excerpt":{"rendered":"<p>Ox\u00edmetro an\u00e1logo<\/p>\n","protected":false},"featured_media":1458,"template":"","meta":[],"product_brand":[],"product_cat":[58],"product_tag":[],"class_list":{"0":"post-1493","1":"product","2":"type-product","3":"status-publish","4":"has-post-thumbnail","6":"product_cat-aparatos-de-medicion","8":"first","9":"instock","10":"taxable","11":"shipping-taxable","12":"purchasable","13":"product-type-simple"},"_links":{"self":[{"href":"https:\/\/mecorama.mx\/index.php?rest_route=\/wp\/v2\/product\/1493","targetHints":{"allow":["GET"]}}],"collection":[{"href":"https:\/\/mecorama.mx\/index.php?rest_route=\/wp\/v2\/product"}],"about":[{"href":"https:\/\/mecorama.mx\/index.php?rest_route=\/wp\/v2\/types\/product"}],"wp:featuredmedia":[{"embeddable":true,"href":"https:\/\/mecorama.mx\/index.php?rest_route=\/wp\/v2\/media\/1458"}],"wp:attachment":[{"href":"https:\/\/mecorama.mx\/index.php?rest_route=%2Fwp%2Fv2%2Fmedia&parent=1493"}],"wp:term":[{"taxonomy":"product_brand","embeddable":true,"href":"https:\/\/mecorama.mx\/index.php?rest_route=%2Fwp%2Fv2%2Fproduct_brand&post=1493"},{"taxonomy":"product_cat","embeddable":true,"href":"https:\/\/mecorama.mx\/index.php?rest_route=%2Fwp%2Fv2%2Fproduct_cat&post=1493"},{"taxonomy":"product_tag","embeddable":true,"href":"https:\/\/mecorama.mx\/index.php?rest_route=%2Fwp%2Fv2%2Fproduct_tag&post=1493"}],"curies":[{"name":"wp","href":"https:\/\/api.w.org\/{rel}","templated":true}]}}