{"id":1524,"date":"2021-08-20T14:48:35","date_gmt":"2021-08-20T19:48:35","guid":{"rendered":"https:\/\/mecorama.mx\/?post_type=product&#038;p=1524"},"modified":"2025-02-20T16:46:51","modified_gmt":"2025-02-20T21:46:51","slug":"var330-baumanometro-aneroide-pediatrico","status":"publish","type":"product","link":"https:\/\/mecorama.mx\/?product=var330-baumanometro-aneroide-pediatrico","title":{"rendered":"VAR330 Bauman\u00f3metro aneroide pedi\u00e1trico"},"content":{"rendered":"<p>Bauman\u00f3metro aneroide pedi\u00e1trico<\/p>\n","protected":false},"excerpt":{"rendered":"<p>Bauman\u00f3metro aneroide pedi\u00e1trico<\/p>\n","protected":false},"featured_media":1525,"template":"","meta":[],"product_brand":[],"product_cat":[58],"product_tag":[],"class_list":{"0":"post-1524","1":"product","2":"type-product","3":"status-publish","4":"has-post-thumbnail","6":"product_cat-aparatos-de-medicion","8":"first","9":"instock","10":"taxable","11":"shipping-taxable","12":"purchasable","13":"product-type-simple"},"_links":{"self":[{"href":"https:\/\/mecorama.mx\/index.php?rest_route=\/wp\/v2\/product\/1524","targetHints":{"allow":["GET"]}}],"collection":[{"href":"https:\/\/mecorama.mx\/index.php?rest_route=\/wp\/v2\/product"}],"about":[{"href":"https:\/\/mecorama.mx\/index.php?rest_route=\/wp\/v2\/types\/product"}],"wp:featuredmedia":[{"embeddable":true,"href":"https:\/\/mecorama.mx\/index.php?rest_route=\/wp\/v2\/media\/1525"}],"wp:attachment":[{"href":"https:\/\/mecorama.mx\/index.php?rest_route=%2Fwp%2Fv2%2Fmedia&parent=1524"}],"wp:term":[{"taxonomy":"product_brand","embeddable":true,"href":"https:\/\/mecorama.mx\/index.php?rest_route=%2Fwp%2Fv2%2Fproduct_brand&post=1524"},{"taxonomy":"product_cat","embeddable":true,"href":"https:\/\/mecorama.mx\/index.php?rest_route=%2Fwp%2Fv2%2Fproduct_cat&post=1524"},{"taxonomy":"product_tag","embeddable":true,"href":"https:\/\/mecorama.mx\/index.php?rest_route=%2Fwp%2Fv2%2Fproduct_tag&post=1524"}],"curies":[{"name":"wp","href":"https:\/\/api.w.org\/{rel}","templated":true}]}}