{"id":1560,"date":"2021-08-21T10:36:29","date_gmt":"2021-08-21T15:36:29","guid":{"rendered":"https:\/\/mecorama.mx\/?post_type=product&#038;p=1560"},"modified":"2025-02-20T16:43:41","modified_gmt":"2025-02-20T21:43:41","slug":"var314-cateter-para-suministro-de-oxigeno-inf","status":"publish","type":"product","link":"https:\/\/mecorama.mx\/?product=var314-cateter-para-suministro-de-oxigeno-inf","title":{"rendered":"VAR314 cat\u00e9ter para suministro de ox\u00edgeno inf"},"content":{"rendered":"<p>cat\u00e9ter para suministro de ox\u00edgeno inf<\/p>\n","protected":false},"excerpt":{"rendered":"<p>cat\u00e9ter para suministro de ox\u00edgeno inf<\/p>\n","protected":false},"featured_media":1561,"template":"","meta":[],"product_brand":[74],"product_cat":[21],"product_tag":[54],"class_list":{"0":"post-1560","1":"product","2":"type-product","3":"status-publish","4":"has-post-thumbnail","6":"product_brand-sensimedical","7":"product_cat-material-de-curacion","8":"product_tag-sensimedical","10":"first","11":"instock","12":"taxable","13":"shipping-taxable","14":"purchasable","15":"product-type-simple"},"_links":{"self":[{"href":"https:\/\/mecorama.mx\/index.php?rest_route=\/wp\/v2\/product\/1560","targetHints":{"allow":["GET"]}}],"collection":[{"href":"https:\/\/mecorama.mx\/index.php?rest_route=\/wp\/v2\/product"}],"about":[{"href":"https:\/\/mecorama.mx\/index.php?rest_route=\/wp\/v2\/types\/product"}],"wp:featuredmedia":[{"embeddable":true,"href":"https:\/\/mecorama.mx\/index.php?rest_route=\/wp\/v2\/media\/1561"}],"wp:attachment":[{"href":"https:\/\/mecorama.mx\/index.php?rest_route=%2Fwp%2Fv2%2Fmedia&parent=1560"}],"wp:term":[{"taxonomy":"product_brand","embeddable":true,"href":"https:\/\/mecorama.mx\/index.php?rest_route=%2Fwp%2Fv2%2Fproduct_brand&post=1560"},{"taxonomy":"product_cat","embeddable":true,"href":"https:\/\/mecorama.mx\/index.php?rest_route=%2Fwp%2Fv2%2Fproduct_cat&post=1560"},{"taxonomy":"product_tag","embeddable":true,"href":"https:\/\/mecorama.mx\/index.php?rest_route=%2Fwp%2Fv2%2Fproduct_tag&post=1560"}],"curies":[{"name":"wp","href":"https:\/\/api.w.org\/{rel}","templated":true}]}}