{"id":1838,"date":"2022-06-02T14:44:11","date_gmt":"2022-06-02T19:44:11","guid":{"rendered":"https:\/\/mecorama.mx\/?post_type=product&#038;p=1838"},"modified":"2025-11-26T13:36:51","modified_gmt":"2025-11-26T18:36:51","slug":"var208-jabon-quirurgico-4lts-altamirano","status":"publish","type":"product","link":"https:\/\/mecorama.mx\/?product=var208-jabon-quirurgico-4lts-altamirano","title":{"rendered":"VAR208 Jab\u00f3n quir\u00fargico 4lts Altamirano"},"content":{"rendered":"<p>Jab\u00f3n quir\u00fargico 4lts Altamirano<\/p>\n","protected":false},"excerpt":{"rendered":"<p>Jab\u00f3n quir\u00fargico 4lts Altamirano<\/p>\n","protected":false},"featured_media":1839,"template":"","meta":[],"product_brand":[],"product_cat":[50],"product_tag":[],"class_list":{"0":"post-1838","1":"product","2":"type-product","3":"status-publish","4":"has-post-thumbnail","6":"product_cat-antisepticos","8":"first","9":"instock","10":"taxable","11":"shipping-taxable","12":"purchasable","13":"product-type-simple"},"_links":{"self":[{"href":"https:\/\/mecorama.mx\/index.php?rest_route=\/wp\/v2\/product\/1838","targetHints":{"allow":["GET"]}}],"collection":[{"href":"https:\/\/mecorama.mx\/index.php?rest_route=\/wp\/v2\/product"}],"about":[{"href":"https:\/\/mecorama.mx\/index.php?rest_route=\/wp\/v2\/types\/product"}],"wp:featuredmedia":[{"embeddable":true,"href":"https:\/\/mecorama.mx\/index.php?rest_route=\/wp\/v2\/media\/1839"}],"wp:attachment":[{"href":"https:\/\/mecorama.mx\/index.php?rest_route=%2Fwp%2Fv2%2Fmedia&parent=1838"}],"wp:term":[{"taxonomy":"product_brand","embeddable":true,"href":"https:\/\/mecorama.mx\/index.php?rest_route=%2Fwp%2Fv2%2Fproduct_brand&post=1838"},{"taxonomy":"product_cat","embeddable":true,"href":"https:\/\/mecorama.mx\/index.php?rest_route=%2Fwp%2Fv2%2Fproduct_cat&post=1838"},{"taxonomy":"product_tag","embeddable":true,"href":"https:\/\/mecorama.mx\/index.php?rest_route=%2Fwp%2Fv2%2Fproduct_tag&post=1838"}],"curies":[{"name":"wp","href":"https:\/\/api.w.org\/{rel}","templated":true}]}}