{"id":1859,"date":"2022-06-04T10:57:02","date_gmt":"2022-06-04T15:57:02","guid":{"rendered":"https:\/\/mecorama.mx\/?post_type=product&#038;p=1859"},"modified":"2025-02-20T16:41:19","modified_gmt":"2025-02-20T21:41:19","slug":"var300-llave-de-3-vias-sin-extension-ipm","status":"publish","type":"product","link":"https:\/\/mecorama.mx\/?product=var300-llave-de-3-vias-sin-extension-ipm","title":{"rendered":"VAR300 Llave de 3 v\u00edas sin extensi\u00f3n  IPM"},"content":{"rendered":"<p>Llave de 3 v\u00edas sin extensi\u00f3n IPM<\/p>\n","protected":false},"excerpt":{"rendered":"<p>Llave de 3 v\u00edas sin extensi\u00f3n IPM<\/p>\n","protected":false},"featured_media":1860,"template":"","meta":[],"product_brand":[77],"product_cat":[21],"product_tag":[],"class_list":{"0":"post-1859","1":"product","2":"type-product","3":"status-publish","4":"has-post-thumbnail","6":"product_brand-industrias-plasticas-medicas","7":"product_cat-material-de-curacion","9":"first","10":"instock","11":"taxable","12":"shipping-taxable","13":"purchasable","14":"product-type-simple"},"_links":{"self":[{"href":"https:\/\/mecorama.mx\/index.php?rest_route=\/wp\/v2\/product\/1859","targetHints":{"allow":["GET"]}}],"collection":[{"href":"https:\/\/mecorama.mx\/index.php?rest_route=\/wp\/v2\/product"}],"about":[{"href":"https:\/\/mecorama.mx\/index.php?rest_route=\/wp\/v2\/types\/product"}],"wp:featuredmedia":[{"embeddable":true,"href":"https:\/\/mecorama.mx\/index.php?rest_route=\/wp\/v2\/media\/1860"}],"wp:attachment":[{"href":"https:\/\/mecorama.mx\/index.php?rest_route=%2Fwp%2Fv2%2Fmedia&parent=1859"}],"wp:term":[{"taxonomy":"product_brand","embeddable":true,"href":"https:\/\/mecorama.mx\/index.php?rest_route=%2Fwp%2Fv2%2Fproduct_brand&post=1859"},{"taxonomy":"product_cat","embeddable":true,"href":"https:\/\/mecorama.mx\/index.php?rest_route=%2Fwp%2Fv2%2Fproduct_cat&post=1859"},{"taxonomy":"product_tag","embeddable":true,"href":"https:\/\/mecorama.mx\/index.php?rest_route=%2Fwp%2Fv2%2Fproduct_tag&post=1859"}],"curies":[{"name":"wp","href":"https:\/\/api.w.org\/{rel}","templated":true}]}}